{"id":7,"date":"2013-09-08T18:18:46","date_gmt":"2013-09-08T16:18:46","guid":{"rendered":"http:\/\/freest.be\/?page_id=7"},"modified":"2013-09-08T18:18:46","modified_gmt":"2013-09-08T16:18:46","slug":"ventesav","status":"publish","type":"page","link":"https:\/\/freest.be\/?page_id=7","title":{"rendered":"Vente\/SAV"},"content":{"rendered":"<h4>\u00a0Vente<\/h4>\n<p>Plut\u00f4t qu&#8217;une offre g\u00e9n\u00e9rique de type catalogue, je vous propose une approche sur mesure.<\/p>\n<p>C&#8217;est en parlant avec vous de vos attentes et de vos besoins, que je vous ferai une offre personnalis\u00e9e\u00a0comprenant toutes les options requises.<\/p>\n<p>Mon principe est d\u2019\u00e9viter de vous faire d\u00e9penser pour ce dont vous n&#8217;avez pas besoin.\u00a0<span style=\"line-height: 1.5;\">Pour cela je prends le temps n\u00e9cessaire \u00e0 trouver le mat\u00e9riel qui vous conviendra afin que vous soyez satisfait de votre achat.<\/span><\/p>\n<p><span style=\"line-height: 1.5;\">Je ne vous vends pas simplement des boites \u00a0contenant de l&#8217;informatique, mais des solutions \u00e9labor\u00e9es r\u00e9pondant \u00e0 vos attentes, c&#8217;est\u00a0<\/span>pourquoi<span style=\"line-height: 1.5;\">\u00a0je vous propose pour chaque achat une possibilit\u00e9 de configuration\/mise en route et d&#8217;explications de prise en main.<\/span><\/p>\n<p>Je base mes offres et conseils sur du mat\u00e9riel et des marques test\u00e9s et que je consid\u00e8re comme fiables pour l&#8217;avoir employ\u00e9 personnellement ou test\u00e9 valablement.<\/p>\n<h4>\u00a0Service apr\u00e8s vente<\/h4>\n<p>Garanties:<\/p>\n<p>Tout mat\u00e9riel vendu par FS IT Service b\u00e9n\u00e9ficie d&#8217;une garantie de 2 ans \u00e0 compter de la date d&#8217;achat.<\/p>\n<p><a title=\"Accueil\" href=\"https:\/\/freest.be\/\">\u00a0Retour \u00e0 la page d\u2019accueil\u00a0<\/a><\/p>\n","protected":false},"excerpt":{"rendered":"<p>\u00a0Vente Plut\u00f4t qu&#8217;une offre g\u00e9n\u00e9rique de type catalogue, je vous propose une approche sur mesure. C&#8217;est en parlant avec vous de vos attentes et de vos besoins, que je vous ferai une offre personnalis\u00e9e\u00a0comprenant toutes les options requises. Mon principe est d\u2019\u00e9viter de vous faire d\u00e9penser pour ce dont vous n&#8217;avez pas besoin.\u00a0Pour cela je &hellip; <a href=\"https:\/\/freest.be\/?page_id=7\" class=\"more-link\">Continue reading <span class=\"screen-reader-text\">Vente\/SAV<\/span> <span class=\"meta-nav\">&rarr;<\/span><\/a><\/p>\n","protected":false},"author":2,"featured_media":0,"parent":0,"menu_order":0,"comment_status":"closed","ping_status":"closed","template":"","meta":{"footnotes":""},"_links":{"self":[{"href":"https:\/\/freest.be\/index.php?rest_route=\/wp\/v2\/pages\/7"}],"collection":[{"href":"https:\/\/freest.be\/index.php?rest_route=\/wp\/v2\/pages"}],"about":[{"href":"https:\/\/freest.be\/index.php?rest_route=\/wp\/v2\/types\/page"}],"author":[{"embeddable":true,"href":"https:\/\/freest.be\/index.php?rest_route=\/wp\/v2\/users\/2"}],"replies":[{"embeddable":true,"href":"https:\/\/freest.be\/index.php?rest_route=%2Fwp%2Fv2%2Fcomments&post=7"}],"version-history":[{"count":0,"href":"https:\/\/freest.be\/index.php?rest_route=\/wp\/v2\/pages\/7\/revisions"}],"wp:attachment":[{"href":"https:\/\/freest.be\/index.php?rest_route=%2Fwp%2Fv2%2Fmedia&parent=7"}],"curies":[{"name":"wp","href":"https:\/\/api.w.org\/{rel}","templated":true}]}}