{"id":5,"date":"2013-09-08T16:58:09","date_gmt":"2013-09-08T14:58:09","guid":{"rendered":"http:\/\/freest.be\/?page_id=2"},"modified":"2013-09-08T16:58:09","modified_gmt":"2013-09-08T14:58:09","slug":"accueil","status":"publish","type":"page","link":"https:\/\/freest.be\/","title":{"rendered":"Accueil"},"content":{"rendered":"<blockquote>\n<p style=\"text-align: center;\"><strong><span style=\"color: #bc2a05;\">Bonjour! Bienvenue chez FS IT Services<\/span><\/strong><\/p>\n<h2 style=\"text-align: center;\"><span style=\"color: #bc2a05;\">Fr\u00e9d\u00e9ric Springuel<\/span><\/h2>\n<p style=\"text-align: center;\"><strong><span style=\"color: #bc2a05;\">A votre service pour toute r\u00e9solution de probl\u00e8me informatique<\/span><\/strong><\/p>\n<h5 style=\"text-align: center;\"><a title=\"Contact\" href=\"https:\/\/freest.be\/contact\"><strong><span style=\"color: #bc2a05;\">Appelez moi pour plus d&#8217;informations<\/span><\/strong><\/a><\/h5>\n<h2 style=\"text-align: center;\"><span style=\"color: #bc2a05;\">\u00a0049<\/span><span style=\"color: #bc2a05;\">6\/266.355<\/span><\/h2>\n<\/blockquote>\n<p style=\"text-align: left;\"><em>Je propose mes services dans les domaines suivants:<\/em><\/p>\n<ul>\n<li style=\"text-align: left;\"><a title=\"Vente\/SAV\" href=\"https:\/\/freest.be\/ventesav\"><em><strong>Vente<\/strong> <\/em>, <strong><em>Service apr\u00e8s vente<\/em><\/strong> , et<em><strong> R\u00e9paration<\/strong> <\/em>de mat\u00e9riel informatique<\/a><\/li>\n<li style=\"text-align: left;\"><a title=\"Assistance\/Helpdesk\" href=\"https:\/\/freest.be\/assistancehelpdesk\"><em><strong>Support Technique<\/strong><\/em>\u00a0avec t\u00e9l\u00e9-intervention \u00e0 distance<\/a><\/li>\n<li style=\"text-align: left;\"><a title=\"Abonnement Assistance\" href=\"https:\/\/freest.be\/abonnement-assistance\">Support technique\u00a0<em><strong>Hot-line<\/strong><\/em> pour vous et vos employ\u00e9s.<\/a><\/li>\n<li style=\"text-align: left;\"><em><strong>Maintenance<\/strong><\/em> de parc informatique<\/li>\n<li style=\"text-align: left;\"><a title=\"Sites Web\" href=\"https:\/\/freest.be\/sites-web\"><em><strong>Cr\u00e9ation<\/strong> <\/em>de sites web<\/a><\/li>\n<li style=\"text-align: left;\"><a title=\"Hebergement\" href=\"https:\/\/freest.be\/hebergement\"><strong><em>H\u00e9bergement<\/em> <\/strong>de sites web<\/a><\/li>\n<li style=\"text-align: left;\"><a title=\"R\u00e9seaux\/Vid\u00e9osurveillance\" href=\"https:\/\/freest.be\/reseauxvideosurveillance\">Syst\u00e8mes de <em><strong>Vid\u00e9osurveillance<\/strong><\/em><\/a><\/li>\n<li style=\"text-align: left;\">Cours Particuliers\/ Formations, pratiques et th\u00e9oriques<\/li>\n<\/ul>\n<p><a href=\"http:\/\/www.phpjobscheduler.co.uk\/\" title=\"phpJobScheduler\"><img decoding=\"async\" src=\"http:\/\/stats.freest.be\/jobscheduler\/firepjs.php?return_image=1\" border=\"0\" alt=\"phpJobScheduler\"><\/a><\/p>\n","protected":false},"excerpt":{"rendered":"<p>Bonjour! Bienvenue chez FS IT Services Fr\u00e9d\u00e9ric Springuel A votre service pour toute r\u00e9solution de probl\u00e8me informatique Appelez moi pour plus d&#8217;informations \u00a00496\/266.355 Je propose mes services dans les domaines suivants: Vente , Service apr\u00e8s vente , et R\u00e9paration de mat\u00e9riel informatique Support Technique\u00a0avec t\u00e9l\u00e9-intervention \u00e0 distance Support technique\u00a0Hot-line pour vous et vos employ\u00e9s. Maintenance &hellip; <a href=\"https:\/\/freest.be\/\" class=\"more-link\">Continue reading <span class=\"screen-reader-text\">Accueil<\/span> <span class=\"meta-nav\">&rarr;<\/span><\/a><\/p>\n","protected":false},"author":2,"featured_media":0,"parent":0,"menu_order":0,"comment_status":"closed","ping_status":"closed","template":"","meta":{"footnotes":""},"_links":{"self":[{"href":"https:\/\/freest.be\/index.php?rest_route=\/wp\/v2\/pages\/5"}],"collection":[{"href":"https:\/\/freest.be\/index.php?rest_route=\/wp\/v2\/pages"}],"about":[{"href":"https:\/\/freest.be\/index.php?rest_route=\/wp\/v2\/types\/page"}],"author":[{"embeddable":true,"href":"https:\/\/freest.be\/index.php?rest_route=\/wp\/v2\/users\/2"}],"replies":[{"embeddable":true,"href":"https:\/\/freest.be\/index.php?rest_route=%2Fwp%2Fv2%2Fcomments&post=5"}],"version-history":[{"count":0,"href":"https:\/\/freest.be\/index.php?rest_route=\/wp\/v2\/pages\/5\/revisions"}],"wp:attachment":[{"href":"https:\/\/freest.be\/index.php?rest_route=%2Fwp%2Fv2%2Fmedia&parent=5"}],"curies":[{"name":"wp","href":"https:\/\/api.w.org\/{rel}","templated":true}]}}