{"id":49,"date":"2013-09-08T23:27:35","date_gmt":"2013-09-08T21:27:35","guid":{"rendered":"http:\/\/freest.be\/?page_id=49"},"modified":"2013-09-08T23:27:35","modified_gmt":"2013-09-08T21:27:35","slug":"contact","status":"publish","type":"page","link":"https:\/\/freest.be\/?page_id=49","title":{"rendered":"Contact"},"content":{"rendered":"<p>Pour toute question ou demande devis n&#8217;hesitez pas \u00e1 me contacter.<a href=\"https:\/\/freest.be\/wp-content\/uploads\/2013\/09\/Devis-Gratuit-n1.png\"><img decoding=\"async\" loading=\"lazy\" class=\"alignright  wp-image-96\" src=\"https:\/\/freest.be\/wp-content\/uploads\/2013\/09\/Devis-Gratuit-n1-300x300.png\" alt=\"Devis-Gratuit\" width=\"168\" height=\"168\" \/><\/a><\/p>\n<p>Voici mes coordonn\u00e9es<\/p>\n<p>Fr\u00e9d\u00e9ric Springuel<\/p>\n<p>E-mail: Info@Freest.be<\/p>\n<p>T\u00e9l\u00e9phone: 00 32 (0) 496 \/ 266 355<\/p>\n<p>Ou par le formulaire ci dessous:<\/p>\n<p><b>[xyz-cfm-form id=1]<\/b><\/p>\n<p><a title=\"Accueil\" href=\"https:\/\/freest.be\/\">Retour \u00e0 la page d&#8217;accueil<\/a><\/p>\n","protected":false},"excerpt":{"rendered":"<p>Pour toute question ou demande devis n&#8217;hesitez pas \u00e1 me contacter. Voici mes coordonn\u00e9es Fr\u00e9d\u00e9ric Springuel E-mail: Info@Freest.be T\u00e9l\u00e9phone: 00 32 (0) 496 \/ 266 355 Ou par le formulaire ci dessous: [xyz-cfm-form id=1] Retour \u00e0 la page d&#8217;accueil<\/p>\n","protected":false},"author":2,"featured_media":0,"parent":0,"menu_order":0,"comment_status":"closed","ping_status":"closed","template":"","meta":{"footnotes":""},"_links":{"self":[{"href":"https:\/\/freest.be\/index.php?rest_route=\/wp\/v2\/pages\/49"}],"collection":[{"href":"https:\/\/freest.be\/index.php?rest_route=\/wp\/v2\/pages"}],"about":[{"href":"https:\/\/freest.be\/index.php?rest_route=\/wp\/v2\/types\/page"}],"author":[{"embeddable":true,"href":"https:\/\/freest.be\/index.php?rest_route=\/wp\/v2\/users\/2"}],"replies":[{"embeddable":true,"href":"https:\/\/freest.be\/index.php?rest_route=%2Fwp%2Fv2%2Fcomments&post=49"}],"version-history":[{"count":0,"href":"https:\/\/freest.be\/index.php?rest_route=\/wp\/v2\/pages\/49\/revisions"}],"wp:attachment":[{"href":"https:\/\/freest.be\/index.php?rest_route=%2Fwp%2Fv2%2Fmedia&parent=49"}],"curies":[{"name":"wp","href":"https:\/\/api.w.org\/{rel}","templated":true}]}}