{"id":34,"date":"2013-09-08T22:56:34","date_gmt":"2013-09-08T20:56:34","guid":{"rendered":"http:\/\/freest.be\/?page_id=34"},"modified":"2013-09-08T22:56:34","modified_gmt":"2013-09-08T20:56:34","slug":"telephonie-internet","status":"publish","type":"page","link":"https:\/\/freest.be\/?page_id=34","title":{"rendered":"T\u00e9l\u00e9phonie Internet"},"content":{"rendered":"<p>Fort de plusieurs ann\u00e9es d&#8217;exp\u00e9rience, je vous propose les produits suivants:<\/p>\n<p>Pour les particuliers:<\/p>\n<ul>\n<li>Ligne T\u00e9l\u00e9phonique Internet (VOIP):<\/li>\n<li>\u00a0Fourniture de num\u00e9ro d&#8217;appel local \u00a0dans l&#8217;Europe (DID)<\/li>\n<li>Acc\u00e8s depuis t\u00e9l\u00e9phone mobile<\/li>\n<li>Possibilit\u00e9 de boite vocale avec envoi des messages sur votre e-mail<\/li>\n<\/ul>\n<p>Pour les entreprises:<\/p>\n<ul>\n<li>Installation, configuration et mise en route de centraux t\u00e9l\u00e9phoniques VOIP<\/li>\n<li>Fourniture de lignes d&#8217;appel en volume \u00e0 bas prix !<\/li>\n<li>Cr\u00e9ation de menus interactifs personnalis\u00e9s.<\/li>\n<li>Fonctions avanc\u00e9es tel que call-back, s\u00e9lection directe a l&#8217;arriv\u00e9e(DISA), t\u00e9l\u00e9conf\u00e9rence,&#8230;<\/li>\n<li>Centraux Multi-Sites<\/li>\n<\/ul>\n<p><a title=\"Accueil\" href=\"https:\/\/freest.be\/\">Retour \u00e0 la page d&#8217;accueil<\/a><\/p>\n","protected":false},"excerpt":{"rendered":"<p>Fort de plusieurs ann\u00e9es d&#8217;exp\u00e9rience, je vous propose les produits suivants: Pour les particuliers: Ligne T\u00e9l\u00e9phonique Internet (VOIP): \u00a0Fourniture de num\u00e9ro d&#8217;appel local \u00a0dans l&#8217;Europe (DID) Acc\u00e8s depuis t\u00e9l\u00e9phone mobile Possibilit\u00e9 de boite vocale avec envoi des messages sur votre e-mail Pour les entreprises: Installation, configuration et mise en route de centraux t\u00e9l\u00e9phoniques VOIP Fourniture &hellip; <a href=\"https:\/\/freest.be\/?page_id=34\" class=\"more-link\">Continue reading <span class=\"screen-reader-text\">T\u00e9l\u00e9phonie Internet<\/span> <span class=\"meta-nav\">&rarr;<\/span><\/a><\/p>\n","protected":false},"author":2,"featured_media":0,"parent":0,"menu_order":0,"comment_status":"closed","ping_status":"closed","template":"","meta":{"footnotes":""},"_links":{"self":[{"href":"https:\/\/freest.be\/index.php?rest_route=\/wp\/v2\/pages\/34"}],"collection":[{"href":"https:\/\/freest.be\/index.php?rest_route=\/wp\/v2\/pages"}],"about":[{"href":"https:\/\/freest.be\/index.php?rest_route=\/wp\/v2\/types\/page"}],"author":[{"embeddable":true,"href":"https:\/\/freest.be\/index.php?rest_route=\/wp\/v2\/users\/2"}],"replies":[{"embeddable":true,"href":"https:\/\/freest.be\/index.php?rest_route=%2Fwp%2Fv2%2Fcomments&post=34"}],"version-history":[{"count":0,"href":"https:\/\/freest.be\/index.php?rest_route=\/wp\/v2\/pages\/34\/revisions"}],"wp:attachment":[{"href":"https:\/\/freest.be\/index.php?rest_route=%2Fwp%2Fv2%2Fmedia&parent=34"}],"curies":[{"name":"wp","href":"https:\/\/api.w.org\/{rel}","templated":true}]}}