{"id":30,"date":"2013-09-08T22:05:33","date_gmt":"2013-09-08T20:05:33","guid":{"rendered":"http:\/\/freest.be\/?page_id=30"},"modified":"2013-09-08T22:05:33","modified_gmt":"2013-09-08T20:05:33","slug":"reseauxvideosurveillance","status":"publish","type":"page","link":"https:\/\/freest.be\/?page_id=30","title":{"rendered":"R\u00e9seaux\/Vid\u00e9osurveillance"},"content":{"rendered":"<h4>R\u00e9seaux :<\/h4>\n<p>Je con\u00e7ois et r\u00e9alise des mises en service de r\u00e9seaux :<\/p>\n<ul>\n<li style=\"text-align: justify;\">Particuliers: Partage de connexion internet, s\u00e9curisation du r\u00e9seau, partages r\u00e9seaux et multim\u00e9dia (DLNA), wifi , t\u00e9l\u00e9phone internet, etc&#8230;<\/li>\n<li style=\"text-align: justify;\">PME-PMI : Mise en place de pare-feu avec fonctions avanc\u00e9es, r\u00e9seaux VPN, bureau \u00e0 distance, solutions Microsoft Exchange, intranet, sauvegarde en r\u00e9seau, centrales t\u00e9l\u00e9phoniques IP.<\/li>\n<li style=\"text-align: justify;\">VOIP: \u00a0Cr\u00e9ation et configuration du r\u00e9seau t\u00e9l\u00e9phonique IP ind\u00e9pendant et prioritaire sur tout autre trafic pour un gage de meilleure qualit\u00e9 des conversations.<\/li>\n<li style=\"text-align: justify;\">VPN: Cr\u00e9ation d\u2019acc\u00e8s \u00e0 distance individuels et de connexions faisant la jonction de plusieurs r\u00e9seaux pour en r\u00e9aliser un seul global avec gestion des droits d&#8217;acc\u00e8s.<\/li>\n<\/ul>\n<h4>Vid\u00e9osurveillance:<\/h4>\n<ul>\n<li>Etude de cas et de faisabilit\u00e9 du syst\u00e8me<\/li>\n<li>Mise en place des cam\u00e9ras<\/li>\n<li>Installation et configuration de la centrale de surveillance pilotable \u00e0 distance<\/li>\n<li>Rapport d&#8217;alertes sur e-mail, SMS ou vid\u00e9o live<\/li>\n<\/ul>\n<p>&nbsp;<\/p>\n<p><a title=\"Accueil\" href=\"https:\/\/freest.be\/\">Retour \u00e0 la page d&#8217;accueil<\/a><\/p>\n","protected":false},"excerpt":{"rendered":"<p>R\u00e9seaux : Je con\u00e7ois et r\u00e9alise des mises en service de r\u00e9seaux : Particuliers: Partage de connexion internet, s\u00e9curisation du r\u00e9seau, partages r\u00e9seaux et multim\u00e9dia (DLNA), wifi , t\u00e9l\u00e9phone internet, etc&#8230; PME-PMI : Mise en place de pare-feu avec fonctions avanc\u00e9es, r\u00e9seaux VPN, bureau \u00e0 distance, solutions Microsoft Exchange, intranet, sauvegarde en r\u00e9seau, centrales t\u00e9l\u00e9phoniques &hellip; <a href=\"https:\/\/freest.be\/?page_id=30\" class=\"more-link\">Continue reading <span class=\"screen-reader-text\">R\u00e9seaux\/Vid\u00e9osurveillance<\/span> <span class=\"meta-nav\">&rarr;<\/span><\/a><\/p>\n","protected":false},"author":2,"featured_media":0,"parent":0,"menu_order":0,"comment_status":"closed","ping_status":"closed","template":"","meta":{"footnotes":""},"_links":{"self":[{"href":"https:\/\/freest.be\/index.php?rest_route=\/wp\/v2\/pages\/30"}],"collection":[{"href":"https:\/\/freest.be\/index.php?rest_route=\/wp\/v2\/pages"}],"about":[{"href":"https:\/\/freest.be\/index.php?rest_route=\/wp\/v2\/types\/page"}],"author":[{"embeddable":true,"href":"https:\/\/freest.be\/index.php?rest_route=\/wp\/v2\/users\/2"}],"replies":[{"embeddable":true,"href":"https:\/\/freest.be\/index.php?rest_route=%2Fwp%2Fv2%2Fcomments&post=30"}],"version-history":[{"count":0,"href":"https:\/\/freest.be\/index.php?rest_route=\/wp\/v2\/pages\/30\/revisions"}],"wp:attachment":[{"href":"https:\/\/freest.be\/index.php?rest_route=%2Fwp%2Fv2%2Fmedia&parent=30"}],"curies":[{"name":"wp","href":"https:\/\/api.w.org\/{rel}","templated":true}]}}