{"id":24,"date":"2013-09-08T21:21:29","date_gmt":"2013-09-08T19:21:29","guid":{"rendered":"http:\/\/freest.be\/?page_id=24"},"modified":"2013-09-08T21:21:29","modified_gmt":"2013-09-08T19:21:29","slug":"sites-web","status":"publish","type":"page","link":"https:\/\/freest.be\/?page_id=24","title":{"rendered":"Sites Web"},"content":{"rendered":"<h4><span style=\"line-height: 1.5;\">Sites Classiques<\/span><\/h4>\n<ul>\n<li>Cr\u00e9ation de sites statiques simples ou\u00a0dynamiques avec base de donn\u00e9es<\/li>\n<li>Cr\u00e9ation d&#8217;identit\u00e9 visuelle num\u00e9rique<\/li>\n<li>Gestion du r\u00e9f\u00e9rencement sur les moteurs de recherche<\/li>\n<li>Suivi analytique et statistique des visiteurs de vos sites, de vos campagnes de pub, etc..<\/li>\n<\/ul>\n<h4>Sites E-Commerce<\/h4>\n<ul>\n<li>Mise en place de la solution Prestashop<\/li>\n<li>Mise en route des modules essentiels (paiements; transport, suivi)<\/li>\n<li>Cr\u00e9ation du catalogue d&#8217;articles<\/li>\n<li>Formation du responsable du site pour la gestion quotidienne<\/li>\n<\/ul>\n<p><a title=\"Accueil\" href=\"https:\/\/freest.be\/\">Retour \u00e0 la page d&#8217;accueil<\/a><\/p>\n","protected":false},"excerpt":{"rendered":"<p>Sites Classiques Cr\u00e9ation de sites statiques simples ou\u00a0dynamiques avec base de donn\u00e9es Cr\u00e9ation d&#8217;identit\u00e9 visuelle num\u00e9rique Gestion du r\u00e9f\u00e9rencement sur les moteurs de recherche Suivi analytique et statistique des visiteurs de vos sites, de vos campagnes de pub, etc.. Sites E-Commerce Mise en place de la solution Prestashop Mise en route des modules essentiels (paiements; &hellip; <a href=\"https:\/\/freest.be\/?page_id=24\" class=\"more-link\">Continue reading <span class=\"screen-reader-text\">Sites Web<\/span> <span class=\"meta-nav\">&rarr;<\/span><\/a><\/p>\n","protected":false},"author":2,"featured_media":0,"parent":0,"menu_order":0,"comment_status":"closed","ping_status":"closed","template":"","meta":{"footnotes":""},"_links":{"self":[{"href":"https:\/\/freest.be\/index.php?rest_route=\/wp\/v2\/pages\/24"}],"collection":[{"href":"https:\/\/freest.be\/index.php?rest_route=\/wp\/v2\/pages"}],"about":[{"href":"https:\/\/freest.be\/index.php?rest_route=\/wp\/v2\/types\/page"}],"author":[{"embeddable":true,"href":"https:\/\/freest.be\/index.php?rest_route=\/wp\/v2\/users\/2"}],"replies":[{"embeddable":true,"href":"https:\/\/freest.be\/index.php?rest_route=%2Fwp%2Fv2%2Fcomments&post=24"}],"version-history":[{"count":0,"href":"https:\/\/freest.be\/index.php?rest_route=\/wp\/v2\/pages\/24\/revisions"}],"wp:attachment":[{"href":"https:\/\/freest.be\/index.php?rest_route=%2Fwp%2Fv2%2Fmedia&parent=24"}],"curies":[{"name":"wp","href":"https:\/\/api.w.org\/{rel}","templated":true}]}}