{"id":17,"date":"2013-09-08T18:45:01","date_gmt":"2013-09-08T16:45:01","guid":{"rendered":"http:\/\/freest.be\/?page_id=17"},"modified":"2013-09-08T18:45:01","modified_gmt":"2013-09-08T16:45:01","slug":"cgv","status":"publish","type":"page","link":"https:\/\/freest.be\/?page_id=17","title":{"rendered":"CGV"},"content":{"rendered":"<h1 style=\"text-align: center;\">FS IT Services<\/h1>\n<h1 style=\"text-align: center;\">Fr\u00e9d\u00e9ric Springuel<\/h1>\n<h2 style=\"text-align: center;\"><strong>CONDITIONS\u00a0G\u00c9N\u00c9RALES\u00a0DE VENTE ET D&#8217;ENTREPRISE<\/strong><\/h2>\n<p style=\"text-align: center;\"><strong>Au 04\/07\/2013:<\/strong><\/p>\n<h5 style=\"text-align: justify;\"><strong>Article 1er &#8211; Mode de r\u00e8glement<\/strong> :<\/h5>\n<p style=\"text-align: justify;\">Toute facture est payable au grand comptant.<\/p>\n<h5><strong style=\"line-height: 1.5;\">Article 2 &#8211; Contentieux :<\/strong><\/h5>\n<p style=\"text-align: justify;\">Toute facture non pay\u00e9e \u00e0 son \u00e9ch\u00e9ance portera de plein droit et sans mise en demeure pr\u00e9alable, un int\u00e9r\u00eat de retard de 15% l&#8217;an \u00e0 compter de la date de la facture. Outre l&#8217;int\u00e9r\u00eat conventionnel ci avant pr\u00e9cis\u00e9, il est d\u00fb \u00e0 titre d&#8217;indemnit\u00e9 forfaitaire une somme \u00e9quivalente \u00e0 30% du montant total des factures dues, avec un minimum de 50 \u20ac. Si cette facture mentionne du mat\u00e9riel, celui-ci reste enti\u00e8re propri\u00e9t\u00e9 de FS IT SERVICES jusqu&#8217;\u00e0 apurement de la pr\u00e9sente.<\/p>\n<h5 style=\"text-align: justify;\"><strong>Article 3 &#8211; Garanties :<\/strong><\/h5>\n<p style=\"text-align: justify;\">Toute garantie sur le mat\u00e9riel informatique &amp; accessoires est de deux ans (sauf indication contraire) \u00e0 partir de la date d&#8217;achat de ceux-ci pour les particuliers et de un an pour les soci\u00e9t\u00e9s conform\u00e9ment \u00e0 la loi Belge.<\/p>\n<p style=\"text-align: justify;\">Toute r\u00e9paration effectu\u00e9e hors garantie b\u00e9n\u00e9ficie d&#8217;une garantie de trois mois (sauf indication contraire ) \u00e0 partir de la date livraison \u00a0du mat\u00e9riel r\u00e9par\u00e9\u00a0<span style=\"line-height: 1.5;\">au client<\/span><span style=\"line-height: 1.5;\">.<\/span><\/p>\n<h5 style=\"text-align: justify;\"><strong>Article 4 &#8211; Commandes &amp; Acomptes :<\/strong><\/h5>\n<p style=\"text-align: justify;\">Toute commande requiert un acompte de 40%.<br \/>\nSans cet acompte, la dite commande sera consid\u00e9r\u00e9e comme nulle.<\/p>\n<h5 style=\"text-align: justify;\"><strong>Article 5 &#8211; R\u00e9clamations :<\/strong><\/h5>\n<p style=\"text-align: justify;\">Toute r\u00e9clamation concernant un article et\/ou facturation est \u00e0 d\u00e9clarer, uniquement via recommand\u00e9, dans les cinq jours ouvrables qui suivent la date de r\u00e9ception de ceux-ci.<\/p>\n<h5 style=\"text-align: justify;\"><strong>Article 6 &#8211; Consultance :<\/strong><\/h5>\n<p style=\"text-align: justify;\">Lors d&#8217;interventions \u00e0 domicile, sauf indication contraire, les frais de d\u00e9placement et de consultance sont payables au grand comptant en esp\u00e8ces sur les lieux de la dite intervention. Pour des raisons comptables, ceux-ci seront bien entendu report\u00e9s pour acquit lors de la facturation.<\/p>\n<h5 style=\"text-align: justify;\"><strong>Article 7 &#8211; Election de comp\u00e9tence :<\/strong><\/h5>\n<p style=\"text-align: justify;\">Tout litige n\u00e9 ou \u00e0 na\u00eetre de la pr\u00e9sente convention sera du ressort juridictionnel des tribunaux de Nivelles.<\/p>\n<h5 style=\"text-align: justify;\"><strong>Article 8 &#8211; Acceptation :<\/strong><\/h5>\n<p style=\"text-align: justify;\">Par le paiement d&#8217;une facture,\u00a0la signature d&#8217;un bon de commande ou l&#8217;acceptation d\u2019activation de licence(s) logicielles sur sa ou ses machines, le client marque son accord avec les pr\u00e9sentes conditions g\u00e9n\u00e9rales de vente et d&#8217;entreprise.<\/p>\n<h4 style=\"text-align: left;\"><strong><span style=\"text-decoration: underline;\">ANNEXE:\u00a0R\u00c8GLES\u00a0DU SERVICE APRES VENTE:<\/span><\/strong><\/h4>\n<p style=\"text-align: justify;\"><strong><\/strong>&#8211; Toute r\u00e9paration est garantie 3 mois.<\/p>\n<p style=\"text-align: justify;\">&#8211; Ne sont pas repris sous garantie: toute d\u00e9fectuosit\u00e9 due \u00e0 une chute, d\u00e9g\u00e2ts physiques ou liquides, oxydation. D\u00e9faillance logicielle due \u00e0 l&#8217;utilisateur. Nettoyage Virus.<\/p>\n<p style=\"text-align: justify;\">&#8211; Seront consid\u00e9r\u00e9s comme abandonn\u00e9s, tout article non repris 6 mois apr\u00e8s r\u00e9paration.<br \/>\nN\u00e9anmoins, avant consid\u00e9ration d&#8217;abandon le client sera averti par recommand\u00e9,<br \/>\nSans r\u00e9ponse par retour courrier du client dans les 2 semaines suivant l&#8217;envoi, l&#8217;abandon sera consid\u00e9r\u00e9 d\u00e9finitif.<\/p>\n<p style=\"text-align: justify;\">&#8211; Le client sera averti par t\u00e9l\u00e9phone ou mail \u00e0 fin du cycle de r\u00e9paration.<\/p>\n<p style=\"text-align: justify;\">&#8211; Les frais de devis s&#8217;\u00e9l\u00e8vent \u00e0 38,00\u20ac TVAC. (devis accept\u00e9 = devis gratuit)<\/p>\n<p style=\"text-align: justify;\">&#8211; Tous frais relatifs au transport de marchandises sont \u00e0 charge exclusive du client.<\/p>\n<p style=\"text-align: justify;\">&#8211; FS IT SERVICE n&#8217;est pas responsable de tout article endommag\u00e9 suite \u00e0 un mauvais emballage par le client.<\/p>\n<h5 style=\"text-align: center;\">FS IT Services &#8211; Fr\u00e9d\u00e9ric Springuel<\/h5>\n<h5 style=\"text-align: center;\">11 Rue du Chemin de Fer 1340 Ottignies<br \/>\nGSM: 0496 266.355 &#8211; TVA BE0.536.398.221 &#8211; info@freest.be<\/h5>\n<p><a title=\"Contact\" href=\"https:\/\/freest.be\/contact\">Page de contact<\/a><\/p>\n<p><a title=\"Accueil\" href=\"https:\/\/freest.be\/\">Retour \u00e0 la page d&#8217;accueil<\/a><\/p>\n","protected":false},"excerpt":{"rendered":"<p>FS IT Services Fr\u00e9d\u00e9ric Springuel CONDITIONS\u00a0G\u00c9N\u00c9RALES\u00a0DE VENTE ET D&#8217;ENTREPRISE Au 04\/07\/2013: Article 1er &#8211; Mode de r\u00e8glement : Toute facture est payable au grand comptant. Article 2 &#8211; Contentieux : Toute facture non pay\u00e9e \u00e0 son \u00e9ch\u00e9ance portera de plein droit et sans mise en demeure pr\u00e9alable, un int\u00e9r\u00eat de retard de 15% l&#8217;an \u00e0 &hellip; <a href=\"https:\/\/freest.be\/?page_id=17\" class=\"more-link\">Continue reading <span class=\"screen-reader-text\">CGV<\/span> <span class=\"meta-nav\">&rarr;<\/span><\/a><\/p>\n","protected":false},"author":2,"featured_media":0,"parent":0,"menu_order":0,"comment_status":"closed","ping_status":"closed","template":"","meta":{"footnotes":""},"_links":{"self":[{"href":"https:\/\/freest.be\/index.php?rest_route=\/wp\/v2\/pages\/17"}],"collection":[{"href":"https:\/\/freest.be\/index.php?rest_route=\/wp\/v2\/pages"}],"about":[{"href":"https:\/\/freest.be\/index.php?rest_route=\/wp\/v2\/types\/page"}],"author":[{"embeddable":true,"href":"https:\/\/freest.be\/index.php?rest_route=\/wp\/v2\/users\/2"}],"replies":[{"embeddable":true,"href":"https:\/\/freest.be\/index.php?rest_route=%2Fwp%2Fv2%2Fcomments&post=17"}],"version-history":[{"count":0,"href":"https:\/\/freest.be\/index.php?rest_route=\/wp\/v2\/pages\/17\/revisions"}],"wp:attachment":[{"href":"https:\/\/freest.be\/index.php?rest_route=%2Fwp%2Fv2%2Fmedia&parent=17"}],"curies":[{"name":"wp","href":"https:\/\/api.w.org\/{rel}","templated":true}]}}