{"id":13,"date":"2013-09-08T18:34:32","date_gmt":"2013-09-08T16:34:32","guid":{"rendered":"http:\/\/freest.be\/?page_id=13"},"modified":"2013-09-08T18:34:32","modified_gmt":"2013-09-08T16:34:32","slug":"assistancehelpdesk","status":"publish","type":"page","link":"https:\/\/freest.be\/?page_id=13","title":{"rendered":"Assistance\/Helpdesk"},"content":{"rendered":"<p>Je propose de vous aider \u00e0 r\u00e9soudre les probl\u00e8mes informatiques que vous rencontrez au quotidien:<\/p>\n<ul>\n<li>Soit \u00e0 distance par t\u00e9l\u00e9phone<\/li>\n<li>Soit \u00e0 domicile ou en vos bureaux<\/li>\n<\/ul>\n<p>Lors d&#8217;une premi\u00e8re visite chez vous je peux installer un logiciel de prise de contr\u00f4le \u00e0 distance (avec votre accord bien-sur!) qui me permettra de vous aider \u00e0 r\u00e9soudre vos probl\u00e8mes \u00e0 distance.<\/p>\n<p>Grace \u00e0 ce logiciel, je serai en mesure de vous d\u00e9panner en un temps de r\u00e9action court. Cela permet aussi l&#8217;\u00e9conomie des frais de transport.<\/p>\n<p>Je travaille avec le logiciel LogMeIn pour l&#8217;assistance \u00e0 distance..<\/p>\n<p><a title=\"Accueil\" href=\"https:\/\/freest.be\/\">Retour \u00e0 la page d&#8217;accueil<\/a><\/p>\n<div id=\"craftysyntax_2\"><script type=\"text\/javascript\" src=\"http:\/\/support.freest.be\/sav\/livehelp_js.php?eo=0&amp;department=2&amp;serversession=1&amp;pingtimes=10&amp;dynamic=Y&amp;creditline=W\"><\/script><\/div>\n","protected":false},"excerpt":{"rendered":"<p>Je propose de vous aider \u00e0 r\u00e9soudre les probl\u00e8mes informatiques que vous rencontrez au quotidien: Soit \u00e0 distance par t\u00e9l\u00e9phone Soit \u00e0 domicile ou en vos bureaux Lors d&#8217;une premi\u00e8re visite chez vous je peux installer un logiciel de prise de contr\u00f4le \u00e0 distance (avec votre accord bien-sur!) qui me permettra de vous aider \u00e0 &hellip; <a href=\"https:\/\/freest.be\/?page_id=13\" class=\"more-link\">Continue reading <span class=\"screen-reader-text\">Assistance\/Helpdesk<\/span> <span class=\"meta-nav\">&rarr;<\/span><\/a><\/p>\n","protected":false},"author":2,"featured_media":0,"parent":0,"menu_order":0,"comment_status":"closed","ping_status":"closed","template":"","meta":{"footnotes":""},"_links":{"self":[{"href":"https:\/\/freest.be\/index.php?rest_route=\/wp\/v2\/pages\/13"}],"collection":[{"href":"https:\/\/freest.be\/index.php?rest_route=\/wp\/v2\/pages"}],"about":[{"href":"https:\/\/freest.be\/index.php?rest_route=\/wp\/v2\/types\/page"}],"author":[{"embeddable":true,"href":"https:\/\/freest.be\/index.php?rest_route=\/wp\/v2\/users\/2"}],"replies":[{"embeddable":true,"href":"https:\/\/freest.be\/index.php?rest_route=%2Fwp%2Fv2%2Fcomments&post=13"}],"version-history":[{"count":0,"href":"https:\/\/freest.be\/index.php?rest_route=\/wp\/v2\/pages\/13\/revisions"}],"wp:attachment":[{"href":"https:\/\/freest.be\/index.php?rest_route=%2Fwp%2Fv2%2Fmedia&parent=13"}],"curies":[{"name":"wp","href":"https:\/\/api.w.org\/{rel}","templated":true}]}}