{"id":128,"date":"2014-04-02T05:30:25","date_gmt":"2014-04-02T03:30:25","guid":{"rendered":"http:\/\/freest.be\/?page_id=128"},"modified":"2014-04-02T05:30:25","modified_gmt":"2014-04-02T03:30:25","slug":"abonnement-assistance","status":"publish","type":"page","link":"https:\/\/freest.be\/?page_id=128","title":{"rendered":"Abonnement Assistance"},"content":{"rendered":"<p style=\"text-align: justify;\"><em><strong>Assistance technique pour particuliers, ind\u00e9pendants et PME\/PMI<\/strong><\/em><\/p>\n<p style=\"text-align: justify;\">Votre <strong>machine ne d\u00e9marre plus<\/strong>, vos\u00a0mails bloquent, internet est<strong> lent.<\/strong><br \/>\nVotre imprimante <strong>ne va plus<\/strong>, le\u00a0wifi est instable ou trop faible.<\/p>\n<p style=\"text-align: justify;\">Votre <strong>smartphone<\/strong> ou tablette ne vous\u00a0ob\u00e9it plus, ou vous voulez en faire<br \/>\nplus avec.<\/p>\n<p style=\"text-align: justify;\">Vous avez perdu vos <strong>donn\u00e9es<\/strong> les plus\u00a0<strong>pr\u00e9cieuses<\/strong>, vous d\u00e9sirez sauver ce<br \/>\nqui peut encore l&#8217;\u00eatre, voire r\u00e9cup\u00e9rer\u00a0les pertes.<\/p>\n<p style=\"text-align: justify;\">Vous n&#8217;avez pas le <strong>budget<\/strong> d&#8217;engager un informaticien \u00e0 plein temps ?<\/p>\n<p style=\"text-align: justify;\">Chez FS IT Services, nous avons con\u00e7u\u00a0pour cela un <strong>abonnement d&#8217;assistance<\/strong><br \/>\n<strong>et service technique<\/strong> mensuel.<br \/>\nCe service vous aide \u00e0 <strong>r\u00e9soudre les\u00a0probl\u00e8mes courants<\/strong> <strong>et r\u00e9pond \u00e0 vos<\/strong><br \/>\n<strong> questions<\/strong>. Une <strong>t\u00e9l\u00e9-assistance<\/strong> est\u00a0aussi possible lors des appels du<br \/>\nclient, et si n\u00e9cessaire nous venons<strong>\u00a0sur place<\/strong> pour intervenir.<\/p>\n<p style=\"text-align: justify;\">Ce service inclus la mise en place et\u00a0la surveillance d&#8217;une solution de<br \/>\n<strong>sauvegarde automatis\u00e9e<\/strong> des fichiers\u00a0que vous nous indiquez.<\/p>\n<p style=\"text-align: justify;\">Notre \u00e9quipe forte de plus de<strong> 10 ans\u00a0d&#8217;exp\u00e9rience<\/strong> dans ce domaine se tient<br \/>\npr\u00eate \u00e0 vous aider dans votre quotidien\u00a0num\u00e9rique.<\/p>\n<p style=\"text-align: justify;\"><strong>Formule d&#8217;abonnement:<\/strong><br \/>\n<strong>\u00a0 \u00a0 \u00a0 \u00a0 \u00a0 \u00a0 \u00a01h \/ PC \/ mois<\/strong><\/p>\n<p style=\"text-align: justify;\"><span style=\"line-height: 1.5;\">Acc\u00e8s a une <strong>hotline<\/strong> <strong>t\u00e9l\u00e9phonique<\/strong>\u00a0<\/span>entre 9h et 18h ou sur RDV<\/p>\n<p style=\"text-align: justify;\">Les heures sont utilisables au t\u00e9l\u00e9phone\u00a0tel quel <strong>par 1\/4 d&#8217;heure<\/strong> et par 1 heure \u00e0 domicile.<\/p>\n<p style=\"text-align: justify;\">En cas d&#8217;usage des heures \u00e0 domicile,un co\u00fbt de transport sera compt\u00e9.<\/p>\n<p style=\"text-align: justify;\">Options:<br \/>\nAcc\u00e8s T\u00e9l\u00e9-Maintenance:<br \/>\nAchat ou Location Serveur Sauvegarde R\u00e9seau<\/p>\n<p style=\"text-align: justify;\"><em><strong>Pour une remise de prix contactez nous !<\/strong><\/em><\/p>\n<p style=\"text-align: justify;\">\n","protected":false},"excerpt":{"rendered":"<p>Assistance technique pour particuliers, ind\u00e9pendants et PME\/PMI Votre machine ne d\u00e9marre plus, vos\u00a0mails bloquent, internet est lent. Votre imprimante ne va plus, le\u00a0wifi est instable ou trop faible. Votre smartphone ou tablette ne vous\u00a0ob\u00e9it plus, ou vous voulez en faire plus avec. Vous avez perdu vos donn\u00e9es les plus\u00a0pr\u00e9cieuses, vous d\u00e9sirez sauver ce qui peut &hellip; <a href=\"https:\/\/freest.be\/?page_id=128\" class=\"more-link\">Continue reading <span class=\"screen-reader-text\">Abonnement Assistance<\/span> <span class=\"meta-nav\">&rarr;<\/span><\/a><\/p>\n","protected":false},"author":2,"featured_media":0,"parent":0,"menu_order":0,"comment_status":"closed","ping_status":"closed","template":"","meta":{"footnotes":""},"_links":{"self":[{"href":"https:\/\/freest.be\/index.php?rest_route=\/wp\/v2\/pages\/128"}],"collection":[{"href":"https:\/\/freest.be\/index.php?rest_route=\/wp\/v2\/pages"}],"about":[{"href":"https:\/\/freest.be\/index.php?rest_route=\/wp\/v2\/types\/page"}],"author":[{"embeddable":true,"href":"https:\/\/freest.be\/index.php?rest_route=\/wp\/v2\/users\/2"}],"replies":[{"embeddable":true,"href":"https:\/\/freest.be\/index.php?rest_route=%2Fwp%2Fv2%2Fcomments&post=128"}],"version-history":[{"count":0,"href":"https:\/\/freest.be\/index.php?rest_route=\/wp\/v2\/pages\/128\/revisions"}],"wp:attachment":[{"href":"https:\/\/freest.be\/index.php?rest_route=%2Fwp%2Fv2%2Fmedia&parent=128"}],"curies":[{"name":"wp","href":"https:\/\/api.w.org\/{rel}","templated":true}]}}